{"id":448,"date":"2026-01-26T11:55:09","date_gmt":"2026-01-26T10:55:09","guid":{"rendered":"https:\/\/www.herrmann-schondorf.de\/?page_id=448"},"modified":"2026-01-27T10:15:10","modified_gmt":"2026-01-27T09:15:10","slug":"abschied","status":"publish","type":"page","link":"https:\/\/www.herrmann-schondorf.de\/","title":{"rendered":"Abschied"},"content":{"rendered":"\n<p>Liebe Schondorferinnen und Schondorfer,<\/p>\n\n\n\n<p>am 08. M\u00e4rz ist Kommunalwahl in Bayern. <br>Ich habe mich entschlossen, nicht f\u00fcr eine weitere Legislaturperiode zu kandidieren. <br>Das hei\u00dft: F\u00fcr Schondorf wird es auf jeden Fall eine neue B\u00fcrgermeisterin oder einen neuen B\u00fcrgermeister geben. <\/p>\n\n\n\n<p>Ich bedanke mich f\u00fcr Ihr Vertrauen in den letzten 12 Jahren. F\u00fcr mich war die Zeit als Ihr B\u00fcrgermeister eine sowohl interessante als auch sehr anspruchsvolle Aufgabe. Und wenn auch nicht alle immer mit dem Ergebnis zufrieden waren, darf ich versichern, dass ich mein Bestes gegeben habe, um unseren Ort sicher durch die Unw\u00e4gbarkeiten und F\u00e4hrnisse unserer Zeit zu f\u00fchren. Besonders die Corona-Pandemie hat uns gezeigt, dass sich die Welt, in der wir leben, sehr schnell und von Grund auf \u00e4ndern kann.<\/p>\n\n\n\n<p>Ich m\u00f6chte jetzt keine Liste der Projekte aufstellen, die in den beiden hinter uns liegenden Legislaturperioden vom Gemeinderat, der Verwaltung und mir verwirklicht wurden. Ich kann Ihnen aber versichern, dass wir sehr flei\u00dfig waren und uns in \u00fcber 200 Gemeinderatssitzungen intensiv um Schondorfs Belange gek\u00fcmmert haben. Wenn Sie dar\u00fcber nachdenken, was sich in den letzten 12 Jahren in Schondorf ge\u00e4ndert hat, dann sind sicher auch ein paar Projekte dabei, die wir gemeinsam bearbeitet haben.<\/p>\n\n\n\n<p>Jetzt bleibt mir nur noch, Sie zu bitten, am 08. M\u00e4rz zur Wahl zu gehen. Entscheiden Sie mit, wer die Geschicke unseres Ortes in den n\u00e4chsten sechs Jahren lenken soll.<\/p>\n\n\n\n<p>Ihr B\u00fcrgermeister Alexander Herrmann<\/p>\n<div class=\"shariff shariff-align-flex-start shariff-widget-align-flex-start\" data-services=\"facebook\" data-url=\"https%3A%2F%2Fwww.herrmann-schondorf.de%2F\" data-timestamp=\"1769508910\" data-backendurl=\"?rest_route=\/shariff\/v1\/share_counts&\"><ul class=\"shariff-buttons theme-round orientation-horizontal buttonsize-medium\"><li class=\"shariff-button facebook shariff-nocustomcolor\" style=\"background-color:#4273c8\"><a href=\"https:\/\/www.facebook.com\/sharer\/sharer.php?u=https%3A%2F%2Fwww.herrmann-schondorf.de%2F\" title=\"Bei Facebook teilen\" aria-label=\"Bei Facebook teilen\" role=\"button\" rel=\"nofollow\" class=\"shariff-link\" style=\"; background-color:#3b5998; color:#fff\" target=\"_blank\"><span class=\"shariff-icon\" style=\"\"><svg width=\"32px\" height=\"20px\" xmlns=\"http:\/\/www.w3.org\/2000\/svg\" viewBox=\"0 0 18 32\"><path fill=\"#3b5998\" d=\"M17.1 0.2v4.7h-2.8q-1.5 0-2.1 0.6t-0.5 1.9v3.4h5.2l-0.7 5.3h-4.5v13.6h-5.5v-13.6h-4.5v-5.3h4.5v-3.9q0-3.3 1.9-5.2t5-1.8q2.6 0 4.1 0.2z\"\/><\/svg><\/span><\/a><\/li><li class=\"shariff-button whatsapp shariff-nocustomcolor shariff-mobile\" style=\"background-color:#5cbe4a\"><a href=\"https:\/\/api.whatsapp.com\/send?text=https%3A%2F%2Fwww.herrmann-schondorf.de%2F%20Abschied\" title=\"Bei Whatsapp teilen\" aria-label=\"Bei Whatsapp teilen\" role=\"button\" rel=\"noopener nofollow\" class=\"shariff-link\" style=\"; background-color:#34af23; color:#fff\" target=\"_blank\"><span class=\"shariff-icon\" style=\"\"><svg width=\"32px\" height=\"20px\" xmlns=\"http:\/\/www.w3.org\/2000\/svg\" viewBox=\"0 0 32 32\"><path fill=\"#34af23\" d=\"M17.6 17.4q0.2 0 1.7 0.8t1.6 0.9q0 0.1 0 0.3 0 0.6-0.3 1.4-0.3 0.7-1.3 1.2t-1.8 0.5q-1 0-3.4-1.1-1.7-0.8-3-2.1t-2.6-3.3q-1.3-1.9-1.3-3.5v-0.1q0.1-1.6 1.3-2.8 0.4-0.4 0.9-0.4 0.1 0 0.3 0t0.3 0q0.3 0 0.5 0.1t0.3 0.5q0.1 0.4 0.6 1.6t0.4 1.3q0 0.4-0.6 1t-0.6 0.8q0 0.1 0.1 0.3 0.6 1.3 1.8 2.4 1 0.9 2.7 1.8 0.2 0.1 0.4 0.1 0.3 0 1-0.9t0.9-0.9zM14 26.9q2.3 0 4.3-0.9t3.6-2.4 2.4-3.6 0.9-4.3-0.9-4.3-2.4-3.6-3.6-2.4-4.3-0.9-4.3 0.9-3.6 2.4-2.4 3.6-0.9 4.3q0 3.6 2.1 6.6l-1.4 4.2 4.3-1.4q2.8 1.9 6.2 1.9zM14 2.2q2.7 0 5.2 1.1t4.3 2.9 2.9 4.3 1.1 5.2-1.1 5.2-2.9 4.3-4.3 2.9-5.2 1.1q-3.5 0-6.5-1.7l-7.4 2.4 2.4-7.2q-1.9-3.2-1.9-6.9 0-2.7 1.1-5.2t2.9-4.3 4.3-2.9 5.2-1.1z\"\/><\/svg><\/span><\/a><\/li><\/ul><\/div>","protected":false},"excerpt":{"rendered":"<p>Liebe Schondorferinnen und Schondorfer, am 08. M\u00e4rz ist Kommunalwahl in Bayern. Ich habe mich entschlossen, nicht f\u00fcr eine weitere Legislaturperiode zu kandidieren. Das hei\u00dft: F\u00fcr Schondorf wird es auf jeden&#8230; <\/p>\n","protected":false},"author":1,"featured_media":0,"parent":0,"menu_order":0,"comment_status":"closed","ping_status":"closed","template":"","meta":{"footnotes":""},"class_list":["post-448","page","type-page","status-publish","hentry"],"aioseo_notices":[],"_links":{"self":[{"href":"https:\/\/www.herrmann-schondorf.de\/index.php?rest_route=\/wp\/v2\/pages\/448","targetHints":{"allow":["GET"]}}],"collection":[{"href":"https:\/\/www.herrmann-schondorf.de\/index.php?rest_route=\/wp\/v2\/pages"}],"about":[{"href":"https:\/\/www.herrmann-schondorf.de\/index.php?rest_route=\/wp\/v2\/types\/page"}],"author":[{"embeddable":true,"href":"https:\/\/www.herrmann-schondorf.de\/index.php?rest_route=\/wp\/v2\/users\/1"}],"replies":[{"embeddable":true,"href":"https:\/\/www.herrmann-schondorf.de\/index.php?rest_route=%2Fwp%2Fv2%2Fcomments&post=448"}],"version-history":[{"count":3,"href":"https:\/\/www.herrmann-schondorf.de\/index.php?rest_route=\/wp\/v2\/pages\/448\/revisions"}],"predecessor-version":[{"id":453,"href":"https:\/\/www.herrmann-schondorf.de\/index.php?rest_route=\/wp\/v2\/pages\/448\/revisions\/453"}],"wp:attachment":[{"href":"https:\/\/www.herrmann-schondorf.de\/index.php?rest_route=%2Fwp%2Fv2%2Fmedia&parent=448"}],"curies":[{"name":"wp","href":"https:\/\/api.w.org\/{rel}","templated":true}]}}